{"id":2,"date":"2025-07-25T12:11:32","date_gmt":"2025-07-25T12:11:32","guid":{"rendered":"https:\/\/linas.ageautveckling.se\/?page_id=2"},"modified":"2025-07-26T12:20:05","modified_gmt":"2025-07-26T12:20:05","slug":"sample-page","status":"publish","type":"page","link":"https:\/\/linas.ageautveckling.se\/","title":{"rendered":"Sample Page"},"content":{"rendered":"\t\t<div data-elementor-type=\"wp-page\" data-elementor-id=\"2\" class=\"elementor elementor-2\" data-elementor-post-type=\"page\">\n\t\t\t\t<div class=\"elementor-element elementor-element-bafa688 e-con-full e-flex e-con e-parent\" data-id=\"bafa688\" data-element_type=\"container\">\n\t\t<div class=\"elementor-element elementor-element-53cbf33 e-con-full e-flex e-con e-child\" data-id=\"53cbf33\" data-element_type=\"container\">\n\t\t\t\t<div class=\"elementor-element elementor-element-bd0a6d5 elementor-widget elementor-widget-image\" data-id=\"bd0a6d5\" data-element_type=\"widget\" data-widget_type=\"image.default\">\n\t\t\t\t\t\t\t\t\t\t\t\t\t\t\t<img fetchpriority=\"high\" decoding=\"async\" width=\"800\" height=\"500\" src=\"https:\/\/linas.ageautveckling.se\/wp-content\/uploads\/2025\/07\/Bilder-4.webp\" class=\"attachment-full size-full wp-image-41\" alt=\"\" srcset=\"https:\/\/linas.ageautveckling.se\/wp-content\/uploads\/2025\/07\/Bilder-4.webp 800w, https:\/\/linas.ageautveckling.se\/wp-content\/uploads\/2025\/07\/Bilder-4-300x188.webp 300w, https:\/\/linas.ageautveckling.se\/wp-content\/uploads\/2025\/07\/Bilder-4-768x480.webp 768w\" sizes=\"(max-width: 800px) 100vw, 800px\" \/>\t\t\t\t\t\t\t\t\t\t\t\t\t\t\t<\/div>\n\t\t\t\t<\/div>\n\t\t<div class=\"elementor-element elementor-element-4d94932 e-con-full e-flex e-con e-child\" data-id=\"4d94932\" data-element_type=\"container\" data-settings=\"{&quot;position&quot;:&quot;absolute&quot;}\">\n\t\t<div class=\"elementor-element elementor-element-3a6f6b3 e-con-full e-flex e-con e-child\" data-id=\"3a6f6b3\" data-element_type=\"container\">\n\t\t\t\t<div class=\"elementor-element elementor-element-930359f elementor-widget elementor-widget-heading\" data-id=\"930359f\" data-element_type=\"widget\" data-widget_type=\"heading.default\">\n\t\t\t\t\t<h2 class=\"elementor-heading-title elementor-size-default\">Din personliga m\u00e4klare med fokus p\u00e5 kvalit\u00e9<\/h2>\t\t\t\t<\/div>\n\t\t\t\t<\/div>\n\t\t<div class=\"elementor-element elementor-element-dece331 e-con-full e-flex e-con e-child\" data-id=\"dece331\" data-element_type=\"container\">\n\t\t\t\t<div class=\"elementor-element elementor-element-41240d5 elementor-widget elementor-widget-button\" data-id=\"41240d5\" data-element_type=\"widget\" data-widget_type=\"button.default\">\n\t\t\t\t\t\t\t\t\t\t<a class=\"elementor-button elementor-button-link elementor-size-sm\" href=\"#\">\n\t\t\t\t\t\t<span class=\"elementor-button-content-wrapper\">\n\t\t\t\t\t\t\t\t\t<span class=\"elementor-button-text\">Click here<\/span>\n\t\t\t\t\t<\/span>\n\t\t\t\t\t<\/a>\n\t\t\t\t\t\t\t\t<\/div>\n\t\t\t\t<\/div>\n\t\t<div class=\"elementor-element elementor-element-6b04bf7 e-con-full e-flex e-con e-child\" data-id=\"6b04bf7\" data-element_type=\"container\">\n\t\t\t\t<div class=\"elementor-element elementor-element-9f5db14 elementor-widget elementor-widget-button\" data-id=\"9f5db14\" data-element_type=\"widget\" data-widget_type=\"button.default\">\n\t\t\t\t\t\t\t\t\t\t<a class=\"elementor-button elementor-button-link elementor-size-sm\" href=\"#\">\n\t\t\t\t\t\t<span class=\"elementor-button-content-wrapper\">\n\t\t\t\t\t\t\t\t\t<span class=\"elementor-button-text\">Click here<\/span>\n\t\t\t\t\t<\/span>\n\t\t\t\t\t<\/a>\n\t\t\t\t\t\t\t\t<\/div>\n\t\t\t\t<\/div>\n\t\t\t\t<\/div>\n\t\t\t\t<\/div>\n\t\t\t\t<\/div>\n\t\t","protected":false},"excerpt":{"rendered":"<p>Din personliga m\u00e4klare med fokus p\u00e5 kvalit\u00e9 Click here Click here<\/p>\n","protected":false},"author":1,"featured_media":0,"parent":0,"menu_order":0,"comment_status":"closed","ping_status":"open","template":"","meta":{"footnotes":""},"class_list":["post-2","page","type-page","status-publish","hentry"],"_links":{"self":[{"href":"https:\/\/linas.ageautveckling.se\/index.php\/wp-json\/wp\/v2\/pages\/2","targetHints":{"allow":["GET"]}}],"collection":[{"href":"https:\/\/linas.ageautveckling.se\/index.php\/wp-json\/wp\/v2\/pages"}],"about":[{"href":"https:\/\/linas.ageautveckling.se\/index.php\/wp-json\/wp\/v2\/types\/page"}],"author":[{"embeddable":true,"href":"https:\/\/linas.ageautveckling.se\/index.php\/wp-json\/wp\/v2\/users\/1"}],"replies":[{"embeddable":true,"href":"https:\/\/linas.ageautveckling.se\/index.php\/wp-json\/wp\/v2\/comments?post=2"}],"version-history":[{"count":17,"href":"https:\/\/linas.ageautveckling.se\/index.php\/wp-json\/wp\/v2\/pages\/2\/revisions"}],"predecessor-version":[{"id":71,"href":"https:\/\/linas.ageautveckling.se\/index.php\/wp-json\/wp\/v2\/pages\/2\/revisions\/71"}],"wp:attachment":[{"href":"https:\/\/linas.ageautveckling.se\/index.php\/wp-json\/wp\/v2\/media?parent=2"}],"curies":[{"name":"wp","href":"https:\/\/api.w.org\/{rel}","templated":true}]}}